{"id":4313,"date":"2018-11-12T14:52:25","date_gmt":"2018-11-12T14:52:25","guid":{"rendered":"http:\/\/www.aguasurbanas.ei.udelar.edu.uy\/?page_id=4313"},"modified":"2022-04-27T09:20:39","modified_gmt":"2022-04-27T12:20:39","slug":"glosario","status":"publish","type":"page","link":"https:\/\/aguasurbanas.ei.udelar.edu.uy\/index.php\/glosario\/","title":{"rendered":"Glosario"},"content":{"rendered":"<h2><span style=\"color: #008080;\">A<\/span><\/h2>\n<p><strong>Anoxia: <\/strong>Cantidad nula de ox\u00edgeno disuelto en el agua (0 mg\/L). En esta situaci\u00f3n se produce una muerte masiva de organismos aerobios.<\/p>\n<p>\u00c1rea riparia: Es la zona ribere\u00f1a, es decir, la interfase entre el curso de agua y el suelo pr\u00f3ximo que se encuentra a los lados del curso.<\/p>\n<hr \/>\n<h2><span style=\"color: #008080;\">B<\/span><\/h2>\n<p><strong>Bacteri\u00f3fagos:<\/strong>\u00a0Virus que infectan bacterias y se multiplican en su interior.<\/p>\n<p><strong>Bioacumulaci\u00f3n:\u00a0<\/strong>Acumulaci\u00f3n de sustancias qu\u00edmicas en tejidos y \u00f3rganos de seres vivos.<\/p>\n<p><strong>Biomasa:<\/strong>\u00a0Cantidad total de materia org\u00e1nica de origen vivo. Incluye los desechos org\u00e1nicos.<\/p>\n<p><strong>Bosque de ribera:<\/strong> Tambi\u00e9n es llamado, coloquialmente, monte ribere\u00f1o. Se ubica en las m\u00e1rgenes de los cursos de agua.<\/p>\n<hr \/>\n<h2><span style=\"color: #008080;\">C<\/span><\/h2>\n<p><strong>Clasificaci\u00f3n taxon\u00f3mica:<\/strong>\u00a0Clasificaci\u00f3n de los seres vivos en categor\u00edas como clase, orden, familia, g\u00e9nero y especie.<\/p>\n<hr \/>\n<h2><span style=\"color: #008080;\">D<\/span><\/h2>\n<p><strong>Detritos:<\/strong>\u00a0Residuos s\u00f3lidos formados por descomposici\u00f3n de la materia org\u00e1nica muerta.<\/p>\n<p><strong>Desequilibrios tr\u00f3ficos:<\/strong> Cambios en c\u00f3mo se distribuye la materia org\u00e1nica y fluye la energ\u00eda entre los niveles alimentarios, es decir, entre organismos productores, consumidores primarios, consumidores secundarios y descomponedores. Los desequilibrios en las relaciones tr\u00f3ficos ocurren por ejemplo cuando las poblaciones de algas crecen de forma masiva consumiendo los nutrientes limitantes. Cabe se\u00f1alar que las condiciones de desequilibrios tr\u00f3ficos como eutrofizaci\u00f3n y concentraciones bajas de ox\u00edgeno disuelto que limitan la supervivencia de algunos organismos puede deberse a la variabilidad natural de los ecosistemas acu\u00e1ticos, no generada por un impacto antr\u00f3pico.<\/p>\n<hr \/>\n<h2><span style=\"color: #008080;\">E<\/span><\/h2>\n<p><strong>Eutrofizaci\u00f3n:<\/strong>\u00a0Aumento de los aportes de nutrientes, especialmente f\u00f3sforo y nitr\u00f3geno, en el ecosistema. Ocurre principalmente por el aumento del vertido de detergentes dom\u00e9sticos y de residuos industriales y agropecuarios. Sin embargo, a menudo ocurre de manera natural, por ejemplo, como consecuencia de la formaci\u00f3n de grandes dep\u00f3sitos de carb\u00f3n (Lampert and Sommer, 1997).<\/p>\n<p><strong>Escorrent\u00eda superficial:<\/strong>\u00a0Corresponde al agua de precipitaciones que no se infiltra en el suelo, sino que se mueve sobre la superficie del terreno hasta llegar a la red fluvial.<\/p>\n<hr \/>\n<h2><span style=\"color: #008080;\">F<\/span><\/h2>\n<p><strong>Fijaci\u00f3n del nitr\u00f3geno atmosf\u00e9rico:<\/strong>\u00a0Es la conversi\u00f3n del nitr\u00f3geno de la atm\u00f3sfera (N<sub>2<\/sub>) en nitrato y amonio, dos compuestos que pueden ser utilizados por las plantas.<\/p>\n<p><strong>Fitoplancton:<\/strong> Algas y cianobacterias que se mantienen suspendidas en la columna de agua.<\/p>\n<hr \/>\n<h2><span style=\"color: #008080;\">G<\/span><\/h2>\n<p><strong>Grupos funcionales:\u00a0<\/strong>Un grupo funcional es un conjunto de especies que tienen un rol similar en el funcionamiento del ecosistema o que responden de manera semejante a cambios de las condiciones ambientales.<\/p>\n<p><strong>Grupos tr\u00f3ficos superiores:<\/strong>\u00a0Consumidores carn\u00edvoros y omn\u00edvoros.<\/p>\n<hr \/>\n<h2><span style=\"color: #008080;\">M<\/span><\/h2>\n<p><strong>Macrobentos:<\/strong> Conjunto de organismos que viven asociados al fondo del sistema acu\u00e1tico, que tienen un tama\u00f1o superior a 0,5 mm.<\/p>\n<p><strong>Meandros:<\/strong>Los meandros son curvas que presentan los r\u00edos y arroyos de escasa pendiente.<\/p>\n<p><strong>Monte ribere\u00f1o:<\/strong>\u00a0Tambi\u00e9n conocido como bosque de ribera. Se ubica en las m\u00e1rgenes de los cursos de agua.<\/p>\n<hr \/>\n<h2><span style=\"color: #008080;\">N<\/span><\/h2>\n<p><strong>Neutralizaci\u00f3n de \u00e1cidos:<\/strong>\u00a0Reacci\u00f3n entre una sustancia \u00e1cida y una b\u00e1sica que resulta en la formaci\u00f3n de una sal y de agua.<\/p>\n<p><strong>Nucle\u00f3tidos:<\/strong>\u00a0Compuestos qu\u00edmicos que forman parte de los \u00e1cidos nucleicos (ADN y ARN).<\/p>\n<p><strong>Nutrientes limitantes de producci\u00f3n primaria:<\/strong> Elementos qu\u00edmicos fundamentales en la producci\u00f3n de mol\u00e9culas biol\u00f3gicas durante la fotos\u00edntesis que, debido a que se encuentran en bajas concentraciones en el agua, condicionan dicha producci\u00f3n. Los principales nutrientes limitantes son el f\u00f3sforo (P) y el nitr\u00f3geno (N). El primero forma parte del ADN (mol\u00e9cula que almacena la informaci\u00f3n gen\u00e9tica), ARN (mol\u00e9cula que participa en la formaci\u00f3n de prote\u00ednas) y ATP (mol\u00e9cula que permite almacenar y transportar energ\u00eda en la c\u00e9lulas). El nitr\u00f3geno es un componente esencial de los amino\u00e1cidos a partir de los que se forman las prote\u00ednas. En el agua la relaci\u00f3n entre la cantidad de nitr\u00f3geno y de f\u00f3sforo suele ser de 15 \u00e1tomos de N cada 1 de P (Wetzel, 1981). Si en un ecosistema acu\u00e1tico hay s\u00f3lo un \u00e1tomo de P cada 30 \u00e1tomos de N, entonces el f\u00f3sforo es el nutriente limitante.<\/p>\n<hr \/>\n<h2><span style=\"color: #008080;\">P<\/span><\/h2>\n<p><strong>Plancton:\u00a0<\/strong>Comunidad de organismos suspendidos en la columna de agua que tiene escasa capacidad de locomoci\u00f3n.<\/p>\n<p><strong>Planicie de inundaci\u00f3n:<\/strong> Espacio de terreno llano a los lados de un canal de agua, que se cubre en \u00e9pocas de inundaci\u00f3n.<\/p>\n<p><strong>Plantas ex\u00f3ticas:<\/strong> Tambi\u00e9n denominadas plantas al\u00f3ctonas. A diferencia de las plantas aut\u00f3ctonas, las plantas ex\u00f3ticas se encuentran en espacios fuera de su \u00e1rea de distribuci\u00f3n natural.<\/p>\n<p><strong>Pozones:<\/strong> Los pozones son zonas profundas, generalmente de corriente lenta.<\/p>\n<p><strong>Presi\u00f3n osm\u00f3tica:<\/strong>\u00a0Presi\u00f3n que se ejerce sobre una membrana semipermeable al agua cuando \u00e9sta tiende a moverse a trav\u00e9s de la membrana. La presi\u00f3n osm\u00f3tica var\u00eda de acuerdo a la cantidad de sustancias disueltas en el agua.<\/p>\n<p><strong>Productores primarios:\u00a0<\/strong> Organismos que producen materia org\u00e1nica utilizando di\u00f3xido de carbono (CO2) y energ\u00eda proveniente de la luz (fotos\u00edntesis) o que se libera en reacciones de compuestos inorg\u00e1nicos (quimios\u00edntesis).<\/p>\n<hr \/>\n<h2><span style=\"color: #008080;\">R<\/span><\/h2>\n<p style=\"text-align: left;\"><strong>Redes tr\u00f3ficas:\u00a0<\/strong>Redes alimentarias en las que los organismos se nutren unos de otros.<\/p>\n<hr \/>\n<h2><span style=\"color: #008080;\">S<\/span><\/h2>\n<p><strong>Sobresaturaci\u00f3n de ox\u00edgeno:<\/strong>\u00a0Concentraci\u00f3n elevada de ox\u00edgeno disuelto en agua, superior a 12 mg\/L. Se asocia a una alta producci\u00f3n fotosint\u00e9tica.<\/p>\n<p><strong>Subsaturaci\u00f3n:<\/strong>\u00a0Concentraci\u00f3n baja de ox\u00edgeno disuelto en agua. Esta condici\u00f3n provoca la desaparici\u00f3n de especies sensibles. Dependiendo de la temperatura puede tomar valores entre 0 y 5 mg\/L aunque en ocasiones puede superar este valor.<\/p>\n","protected":false},"excerpt":{"rendered":"<p>A Anoxia: Cantidad nula de ox\u00edgeno disuelto en el agua (0 mg\/L). En esta situaci\u00f3n se produce una muerte masiva de organismos aerobios. \u00c1rea riparia: Es la zona ribere\u00f1a, es decir, la interfase entre el curso de agua y el suelo pr\u00f3ximo que se encuentra a los lados del curso. B Bacteri\u00f3fagos:\u00a0Virus que infectan bacterias [&hellip;]<\/p>\n","protected":false},"author":1,"featured_media":0,"parent":0,"menu_order":0,"comment_status":"closed","ping_status":"closed","template":"","meta":{"_exactmetrics_skip_tracking":false,"_exactmetrics_sitenote_active":false,"_exactmetrics_sitenote_note":"","_exactmetrics_sitenote_category":0,"footnotes":""},"class_list":["post-4313","page","type-page","status-publish","czr-hentry"],"_links":{"self":[{"href":"https:\/\/aguasurbanas.ei.udelar.edu.uy\/index.php\/wp-json\/wp\/v2\/pages\/4313","targetHints":{"allow":["GET"]}}],"collection":[{"href":"https:\/\/aguasurbanas.ei.udelar.edu.uy\/index.php\/wp-json\/wp\/v2\/pages"}],"about":[{"href":"https:\/\/aguasurbanas.ei.udelar.edu.uy\/index.php\/wp-json\/wp\/v2\/types\/page"}],"author":[{"embeddable":true,"href":"https:\/\/aguasurbanas.ei.udelar.edu.uy\/index.php\/wp-json\/wp\/v2\/users\/1"}],"replies":[{"embeddable":true,"href":"https:\/\/aguasurbanas.ei.udelar.edu.uy\/index.php\/wp-json\/wp\/v2\/comments?post=4313"}],"version-history":[{"count":31,"href":"https:\/\/aguasurbanas.ei.udelar.edu.uy\/index.php\/wp-json\/wp\/v2\/pages\/4313\/revisions"}],"predecessor-version":[{"id":4566,"href":"https:\/\/aguasurbanas.ei.udelar.edu.uy\/index.php\/wp-json\/wp\/v2\/pages\/4313\/revisions\/4566"}],"wp:attachment":[{"href":"https:\/\/aguasurbanas.ei.udelar.edu.uy\/index.php\/wp-json\/wp\/v2\/media?parent=4313"}],"curies":[{"name":"wp","href":"https:\/\/api.w.org\/{rel}","templated":true}]}}