{"id":3336,"date":"2016-11-18T14:09:21","date_gmt":"2016-11-18T14:09:21","guid":{"rendered":"http:\/\/www.aguasurbanas.ei.udelar.edu.uy\/?page_id=3336"},"modified":"2018-04-09T14:47:41","modified_gmt":"2018-04-09T14:47:41","slug":"proyecto-de-evaluacion-de-canadas-urbanas-2","status":"publish","type":"page","link":"https:\/\/aguasurbanas.ei.udelar.edu.uy\/index.php\/proyecto-de-evaluacion-de-canadas-urbanas\/proyecto-de-evaluacion-de-canadas-urbanas-2\/","title":{"rendered":"Proyecto de Evaluaci\u00f3n de Ca\u00f1adas Urbanas"},"content":{"rendered":"<p><iframe loading=\"lazy\" src=\"https:\/\/www.google.com\/maps\/d\/u\/0\/embed?mid=1UKvtILHyqR-PlS7WVMKWDisaWJk\" width=\"640\" height=\"480\"><\/iframe><\/p>\n<p><strong>LAS CA\u00d1ADAS A MONITOREAR SER\u00c1N LAS SIGUIENTES:<\/strong><\/p>\n<p>Artigas, Ca\u00f1ada Santa Rosa.<br \/>\nMaldonado, Ca\u00f1ada La Salada.<br \/>\nMontevideo, Ca\u00f1ada Matilde Pacheco.<br \/>\nPaysand\u00fa, Arroyo La Curtiembre.<br \/>\nSalto, Arroyo Ceibal.<\/p>\n","protected":false},"excerpt":{"rendered":"<p>LAS CA\u00d1ADAS A MONITOREAR SER\u00c1N LAS SIGUIENTES: Artigas, Ca\u00f1ada Santa Rosa. Maldonado, Ca\u00f1ada La Salada. Montevideo, Ca\u00f1ada Matilde Pacheco. Paysand\u00fa, Arroyo La Curtiembre. Salto, Arroyo Ceibal.<\/p>\n","protected":false},"author":1,"featured_media":0,"parent":2995,"menu_order":0,"comment_status":"closed","ping_status":"closed","template":"","meta":{"_exactmetrics_skip_tracking":false,"_exactmetrics_sitenote_active":false,"_exactmetrics_sitenote_note":"","_exactmetrics_sitenote_category":0,"footnotes":""},"class_list":["post-3336","page","type-page","status-publish","czr-hentry"],"_links":{"self":[{"href":"https:\/\/aguasurbanas.ei.udelar.edu.uy\/index.php\/wp-json\/wp\/v2\/pages\/3336","targetHints":{"allow":["GET"]}}],"collection":[{"href":"https:\/\/aguasurbanas.ei.udelar.edu.uy\/index.php\/wp-json\/wp\/v2\/pages"}],"about":[{"href":"https:\/\/aguasurbanas.ei.udelar.edu.uy\/index.php\/wp-json\/wp\/v2\/types\/page"}],"author":[{"embeddable":true,"href":"https:\/\/aguasurbanas.ei.udelar.edu.uy\/index.php\/wp-json\/wp\/v2\/users\/1"}],"replies":[{"embeddable":true,"href":"https:\/\/aguasurbanas.ei.udelar.edu.uy\/index.php\/wp-json\/wp\/v2\/comments?post=3336"}],"version-history":[{"count":6,"href":"https:\/\/aguasurbanas.ei.udelar.edu.uy\/index.php\/wp-json\/wp\/v2\/pages\/3336\/revisions"}],"predecessor-version":[{"id":5757,"href":"https:\/\/aguasurbanas.ei.udelar.edu.uy\/index.php\/wp-json\/wp\/v2\/pages\/3336\/revisions\/5757"}],"up":[{"embeddable":true,"href":"https:\/\/aguasurbanas.ei.udelar.edu.uy\/index.php\/wp-json\/wp\/v2\/pages\/2995"}],"wp:attachment":[{"href":"https:\/\/aguasurbanas.ei.udelar.edu.uy\/index.php\/wp-json\/wp\/v2\/media?parent=3336"}],"curies":[{"name":"wp","href":"https:\/\/api.w.org\/{rel}","templated":true}]}}