{"id":2272,"date":"2016-07-06T14:38:44","date_gmt":"2016-07-06T14:38:44","guid":{"rendered":"http:\/\/www.aguasurbanas.ei.udelar.edu.uy\/?page_id=2272"},"modified":"2016-12-13T13:54:06","modified_gmt":"2016-12-13T13:54:06","slug":"portada-4-temas-centrales-con-divs-no-2","status":"publish","type":"page","link":"https:\/\/aguasurbanas.ei.udelar.edu.uy\/","title":{"rendered":"portada 4 temas centrales con Divs N\u00ba 2"},"content":{"rendered":"<div id=\"caja1\" align=\"inherit\">\n<div id=\"caja1int\" align=\"right\"><strong>ACCIONES<\/strong><\/div>\n<p>Propone una aproximaci\u00f3n a pr\u00e1cticas nacionales e internacionales con el prop\u00f3sito de promover el avance\u00a0en la gesti\u00f3n de las aguas urbanas.<\/p>\n<p align=\"right\"><strong><a href=\"http:\/\/www.aguasurbanas.ei.udelar.edu.uy\/index.php\/category\/acciones\/\" target=\"_blank\">Leer +<\/a><\/strong><\/p>\n<\/div>\n<div id=\"caja2\" align=\"inherit\">\n<div id=\"caja2int\" align=\"right\"><strong>INVESTIGACIONES<\/strong><\/div>\n<p>La generaci\u00f3n de nuevo conocimiento permite explicar las causas de problem\u00e1ticas actuales y presentar alternativas innovadoras.<\/p>\n<p align=\"right\"><strong><a href=\"http:\/\/www.aguasurbanas.ei.udelar.edu.uy\/index.php\/category\/investigaciones\/\" target=\"_blank\">Leer +<\/a><\/strong><\/p>\n<\/div>\n<div id=\"caja3\" align=\"inherit\">\n<div id=\"caja3int\" align=\"right\"><strong>EXPLORACIONES<\/strong><\/div>\n<p>Busca generar un espacio de reflexi\u00f3n colectiva, mediante ideas, aplicables o no, que oficien de disparadores de nuevas visiones.<\/p>\n<p align=\"right\"><strong><a href=\"http:\/\/www.aguasurbanas.ei.udelar.edu.uy\/index.php\/category\/exploraciones\/\" target=\"_blank\">Leer +<\/a><\/strong><\/p>\n<\/div>\n<div id=\"caja4\" align=\"inherit\">\n<div id=\"caja4int\" align=\"right\"><strong>GALERIAS<\/strong><\/div>\n<p>Registros fotogr\u00e1ficos pertinentes a las tem\u00e1ticas desarrolladas en nuestro sitio.<br \/>\nDe producci\u00f3n propia y colaboraciones externas.<\/p>\n<p align=\"right\"><strong><a href=\"http:\/\/www.aguasurbanas.ei.udelar.edu.uy\/index.php\/category\/galerias\/\" target=\"_blank\">Leer +<\/a><\/strong><\/p>\n<\/div>\n","protected":false},"excerpt":{"rendered":"<p>ACCIONES Propone una aproximaci\u00f3n a pr\u00e1cticas nacionales e internacionales con el prop\u00f3sito de promover el avance\u00a0en la gesti\u00f3n de las aguas urbanas. Leer + INVESTIGACIONES La generaci\u00f3n de nuevo conocimiento permite explicar las causas de problem\u00e1ticas actuales y presentar alternativas innovadoras. Leer + EXPLORACIONES Busca generar un espacio de reflexi\u00f3n colectiva, mediante ideas, aplicables o [&hellip;]<\/p>\n","protected":false},"author":1,"featured_media":0,"parent":0,"menu_order":0,"comment_status":"closed","ping_status":"closed","template":"","meta":{"_exactmetrics_skip_tracking":false,"_exactmetrics_sitenote_active":false,"_exactmetrics_sitenote_note":"","_exactmetrics_sitenote_category":0,"footnotes":""},"class_list":["post-2272","page","type-page","status-publish","czr-hentry"],"_links":{"self":[{"href":"https:\/\/aguasurbanas.ei.udelar.edu.uy\/index.php\/wp-json\/wp\/v2\/pages\/2272","targetHints":{"allow":["GET"]}}],"collection":[{"href":"https:\/\/aguasurbanas.ei.udelar.edu.uy\/index.php\/wp-json\/wp\/v2\/pages"}],"about":[{"href":"https:\/\/aguasurbanas.ei.udelar.edu.uy\/index.php\/wp-json\/wp\/v2\/types\/page"}],"author":[{"embeddable":true,"href":"https:\/\/aguasurbanas.ei.udelar.edu.uy\/index.php\/wp-json\/wp\/v2\/users\/1"}],"replies":[{"embeddable":true,"href":"https:\/\/aguasurbanas.ei.udelar.edu.uy\/index.php\/wp-json\/wp\/v2\/comments?post=2272"}],"version-history":[{"count":98,"href":"https:\/\/aguasurbanas.ei.udelar.edu.uy\/index.php\/wp-json\/wp\/v2\/pages\/2272\/revisions"}],"predecessor-version":[{"id":2906,"href":"https:\/\/aguasurbanas.ei.udelar.edu.uy\/index.php\/wp-json\/wp\/v2\/pages\/2272\/revisions\/2906"}],"wp:attachment":[{"href":"https:\/\/aguasurbanas.ei.udelar.edu.uy\/index.php\/wp-json\/wp\/v2\/media?parent=2272"}],"curies":[{"name":"wp","href":"https:\/\/api.w.org\/{rel}","templated":true}]}}